{"id":12,"date":"2026-02-03T15:43:52","date_gmt":"2026-02-03T15:43:52","guid":{"rendered":"https:\/\/psinteriorismo.es\/?page_id=12"},"modified":"2026-02-03T19:29:42","modified_gmt":"2026-02-03T19:29:42","slug":"home","status":"publish","type":"page","link":"https:\/\/psinteriorismo.es\/en\/","title":{"rendered":"Home"},"content":{"rendered":"<div data-elementor-type=\"wp-page\" data-elementor-id=\"12\" class=\"elementor elementor-12\" data-elementor-post-type=\"page\">\n\t\t\t\t<div class=\"elementor-element elementor-element-b5b218a elementor-hidden-desktop elementor-hidden-laptop elementor-hidden-tablet e-flex e-con-boxed e-con e-parent\" data-id=\"b5b218a\" data-element_type=\"container\" data-e-type=\"container\" data-settings=\"{&quot;background_background&quot;:&quot;classic&quot;}\">\n\t\t\t\t\t<div class=\"e-con-inner\">\n\t\t\t\t<div class=\"elementor-element elementor-element-eee1d2a elementor-invisible elementor-widget elementor-widget-image\" data-id=\"eee1d2a\" data-element_type=\"widget\" data-e-type=\"widget\" data-settings=\"{&quot;_animation&quot;:&quot;fadeIn&quot;}\" data-widget_type=\"image.default\">\n\t\t\t\t\t\t\t\t\t\t\t\t\t\t\t\t<a href=\"https:\/\/psinteriorismo.es\/en\">\n\t\t\t\t\t\t\t<img decoding=\"async\" width=\"153\" height=\"320\" src=\"https:\/\/psinteriorismo.es\/wp-content\/uploads\/2026\/02\/Logo-blanco.svg\" class=\"attachment-large size-large wp-image-17\" alt=\"Logo blanco\" \/>\t\t\t\t\t\t\t\t<\/a>\n\t\t\t\t\t\t\t\t\t\t\t\t\t\t\t<\/div>\n\t\t\t\t\t<\/div>\n\t\t\t\t<\/div>\n\t\t<div class=\"elementor-element elementor-element-e4f8c98 e-con-full e-flex e-con e-parent\" data-id=\"e4f8c98\" data-element_type=\"container\" data-e-type=\"container\" data-settings=\"{&quot;background_background&quot;:&quot;classic&quot;}\">\n\t\t\t\t<div class=\"elementor-element elementor-element-72452a1 elementor-invisible elementor-widget elementor-widget-ucaddon_content_box_background_switcher\" data-id=\"72452a1\" data-element_type=\"widget\" data-e-type=\"widget\" data-settings=\"{&quot;_animation&quot;:&quot;fadeIn&quot;,&quot;_animation_delay&quot;:1500}\" data-widget_type=\"ucaddon_content_box_background_switcher.default\">\n\t\t\t\t<div class=\"elementor-widget-container\">\n\t\t\t\t\t\n<!-- start Background Switcher -->\n<style>\/* widget: Background Switcher *\/\n\n#uc_content_box_background_switcher_elementor_72452a1 *{\n\t-webkit-box-sizing: border-box;\n\t-moz-box-sizing: border-box;\n\tbox-sizing: border-box;\n}\n\n#uc_content_box_background_switcher_elementor_72452a1 .ue-item-overlay{\n  position:absolute;\n  top:0;\n  left:0;\n  right:0;\n  bottom:0;\n  transition:0.3s;\n}\n\n#uc_content_box_background_switcher_elementor_72452a1 .uc_hover_switcher_row{\n\tposition: relative;\n\twidth: 100%;\n\toverflow: hidden;\n\tdisplay: grid;\n    background: #FFFFFF00;\n    direction:ltr;\n}\n\n#uc_content_box_background_switcher_elementor_72452a1 .uc_hover_switcher_col{\n\tposition: relative;\n\tz-index: 2;    \n            border-top-color:#FFFFFF;\n        border-top-width:5px;\n        border-top-style:solid;\n      \n          border-right-color:#FFFFFF;\n      border-right-width:5px;\n      border-right-style:solid;\n        \t\n    flex:1;\n    overflow: hidden;\n}\n\n#uc_content_box_background_switcher_elementor_72452a1 .uc_hover_switcher_content{\n\tdisplay: flex;\n\theight: 100%;\n\tflex-direction: column;\n\tjustify-content: flex-end;\n\tcolor: #fff;\n    text-align:left;\n    position:relative;\n}\n\n#uc_content_box_background_switcher_elementor_72452a1 .uc_hover_switcher_title{\n\ttransition: 300ms;\n}\n\n.uc_hover_switcher_title{\n  font-size: 21px;\n}\n\n#uc_content_box_background_switcher_elementor_72452a1 .uc_hover_switcher_link{\n\toverflow: hidden;\n\ttransform-origin: bottom;\n\ttransition: 300ms;\n    max-height: 0px;  \n}\n\n#uc_content_box_background_switcher_elementor_72452a1 .uc_hover_switcher_col.uc_hover .uc_hover_switcher_link{\n    max-height: 500px;\n\toverflow: visible;\n    transition: 300ms;\n}\n\n#uc_content_box_background_switcher_elementor_72452a1[data-remoteid] .uc_hover_switcher_col.uc_hover .uc_hover_switcher_link,\n#uc_content_box_background_switcher_elementor_72452a1[data-sync] .uc_hover_switcher_col.uc_hover .uc_hover_switcher_link{\n \tmax-height: 500px;\n\toverflow: visible;\n}\n\n#uc_content_box_background_switcher_elementor_72452a1 .uc_button{\t\n\tdisplay: inline-block;\n\ttext-decoration: none;\n    text-align:center;\n}\n\n#uc_content_box_background_switcher_elementor_72452a1 .uc_background_img img {\n    width: 100% !important;\n    height: 100% !important;\n    object-fit: cover;\n}\n\n#uc_content_box_background_switcher_elementor_72452a1 .uc_hover_switcher_overlay{\t\n\tposition: absolute;\n\ttop: 0;\n\tleft: 0;\n\theight: 100%;\n\twidth: 100%;\n\tz-index: 0;\n\toverflow: hidden;\n}\n\n#uc_content_box_background_switcher_elementor_72452a1 .uc_hover_switcher_overlay{\n\tz-index: 1;\n}\n\n#uc_content_box_background_switcher_elementor_72452a1 .uc_background_img{\n\tposition: absolute;  \n\ttop: 0;\n          left: 0;\n        \t\t\n\theight: 100%;\n\twidth: 100%;\n\tz-index: 0;\n\toverflow: hidden;\n\tvisibility: hidden;\n\topacity: 0;\n}\n\n#uc_content_box_background_switcher_elementor_72452a1 .uc_hover_switcher_col + .uc_background_img{\n\ttransition-duration: 300ms;\n}\n\n#uc_content_box_background_switcher_elementor_72452a1 .uc_hover_switcher_col.uc_hover + .uc_background_img{\n\ttransition-duration: 300ms;\n\topacity: 1;\n\tmargin: 0;\n\tvisibility: visible;\n\ttransform: scale(1.05);\n}\n\n#uc_content_box_background_switcher_elementor_72452a1 .uc_hover_switcher_col:last-of-type{  \n        border-right: 0px;\n    \n  \t\n}\n\n@media screen and (max-width: 768px) {  \n  #uc_content_box_background_switcher_elementor_72452a1 .uc_hover_switcher_row{\n\tdisplay: flex;\n  }\n}\n\n\n  @media screen and (max-width: 768px) {  \n    \n      \n      #uc_content_box_background_switcher_elementor_72452a1.uc_list_image_background_hover_switcher .uc_hover_switcher_row{ \n        overflow-x: auto;\n      }\t\n\n      #uc_content_box_background_switcher_elementor_72452a1.uc_list_image_background_hover_switcher .uc_hover_switcher_col + .uc_background_img {\n                  transform: scale(1);\n              }  \n  }\n\n\n@media screen and (max-width: 767px) {\n  \n       #uc_content_box_background_switcher_elementor_72452a1 .uc_hover_switcher_row{\n          flex-direction: column;\n          justify-content: space-around;\n      }\n  \n      #uc_content_box_background_switcher_elementor_72452a1 .uc_hover_switcher_col {\n          border-right-style:none;\n          border-right-color:transparent;\n          border-left-color:transparent;\n          border-right-width:0px;\n          border-left-width:0px;\n          border-bottom-color:#FFFFFF;\n          border-bottom-style:solid;\n          border-bottom-width:5px;\n          flex:auto;\n      }\n  \n      #uc_content_box_background_switcher_elementor_72452a1 .uc_hover_switcher_col:last-of-type{\n          border-bottom: 0px;\n      }\n  \n}\n#uc_content_box_background_switcher_elementor_72452a1_item1{\n  object-position:center center;\n}\n\n\n@media screen and (max-width: 767px) {\n  }\n#uc_content_box_background_switcher_elementor_72452a1_item2{\n  object-position:center center;\n}\n\n\n@media screen and (max-width: 767px) {\n  }\n#uc_content_box_background_switcher_elementor_72452a1_item3{\n  object-position:center center;\n}\n\n\n@media screen and (max-width: 767px) {\n  }\n\n\n<\/style>\n\n<div class=\"uc_list_image_background_hover_switcher\" id=\"uc_content_box_background_switcher_elementor_72452a1\"   data-first-selected=\"false\">\n\t<div class=\"uc_hover_switcher_row uc-items-wrapper\">\n\t\t<div class=\"uc_hover_switcher_col uc_hover_switcher_col-1\" id=\"uc_content_box_background_switcher_elementor_72452a1_item1\" role=\"button\" tabindex=\"0\" aria-selected=\"false\">\n  <div class=\"ue-item-overlay\"><\/div>\n  <div class=\"uc_hover_switcher_content\">\n                      <div class=\"uc_hover_switcher_title title_space\">Nosotros<\/div>\n              <div class=\"uc_hover_switcher_link\">\n                  \t<a class=\"uc_button uc_more_btn\" href=\"https:\/\/psinteriorismo.es\/en\/nosotros\/\" >\n                    \tConocer m\u00e1s\n                \t<\/a>\n          <\/div>\n  <\/div>\n<\/div>\n\n<figure class=\"uc_background_img\">\n  <div class=\"uc_hover_switcher_overlay\"><\/div>\n  <img decoding=\"async\" src=\"https:\/\/psinteriorismo.es\/wp-content\/uploads\/2026\/02\/modern_minimalist_living_space_1.webp\" alt=\"modern_minimalist_living_space_1\" id=\"uc_content_box_background_switcher_elementor_72452a1_item1\">\n<\/figure>\n<div class=\"uc_hover_switcher_col uc_hover_switcher_col-2\" id=\"uc_content_box_background_switcher_elementor_72452a1_item2\" role=\"button\" tabindex=\"0\" aria-selected=\"false\">\n  <div class=\"ue-item-overlay\"><\/div>\n  <div class=\"uc_hover_switcher_content\">\n                      <div class=\"uc_hover_switcher_title title_space\">Contacto<\/div>\n              <div class=\"uc_hover_switcher_link\">\n                  \t<a class=\"uc_button uc_more_btn\" href=\"https:\/\/psinteriorismo.es\/en\/contacto\/\" >\n                    \tConocer m\u00e1s\n                \t<\/a>\n          <\/div>\n  <\/div>\n<\/div>\n\n<figure class=\"uc_background_img\">\n  <div class=\"uc_hover_switcher_overlay\"><\/div>\n  <img decoding=\"async\" src=\"https:\/\/psinteriorismo.es\/wp-content\/uploads\/2026\/02\/modern_minimalist_living_space_1.webp\" alt=\"modern_minimalist_living_space_1\" id=\"uc_content_box_background_switcher_elementor_72452a1_item2\">\n<\/figure>\n<div class=\"uc_hover_switcher_col uc_hover_switcher_col-3\" id=\"uc_content_box_background_switcher_elementor_72452a1_item3\" role=\"button\" tabindex=\"0\" aria-selected=\"false\">\n  <div class=\"ue-item-overlay\"><\/div>\n  <div class=\"uc_hover_switcher_content\">\n                      <div class=\"uc_hover_switcher_title title_space\">Proyectos<\/div>\n              <div class=\"uc_hover_switcher_link\">\n                  \t<a class=\"uc_button uc_more_btn\" href=\"https:\/\/psinteriorismo.es\/en\/proyectos\/\" >\n                    \tConocer m\u00e1s\n                \t<\/a>\n          <\/div>\n  <\/div>\n<\/div>\n\n<figure class=\"uc_background_img\">\n  <div class=\"uc_hover_switcher_overlay\"><\/div>\n  <img decoding=\"async\" src=\"https:\/\/psinteriorismo.es\/wp-content\/uploads\/2026\/02\/modern_minimalist_living_space_1.webp\" alt=\"modern_minimalist_living_space_1\" id=\"uc_content_box_background_switcher_elementor_72452a1_item3\">\n<\/figure>\n\n\t<\/div>\n\t<div class=\"uc_hover_remote_container uc-items-wrapper2\">\n  \t\t<div class=\"uc_hover_remote_item\">\n  <div class=\"uc_hover_remote_segment\"><\/div>\n<\/div>\n<div class=\"uc_hover_remote_item\">\n  <div class=\"uc_hover_remote_segment\"><\/div>\n<\/div>\n<div class=\"uc_hover_remote_item\">\n  <div class=\"uc_hover_remote_segment\"><\/div>\n<\/div>\n\n  \t<\/div>\n<\/div>\n<!-- end Background Switcher -->\t\t\t\t<\/div>\n\t\t\t\t<\/div>\n\t\t\t\t<div class=\"elementor-element elementor-element-6a7f9a9 elementor-absolute e-transform elementor-hidden-mobile elementor-invisible elementor-widget elementor-widget-image\" data-id=\"6a7f9a9\" data-element_type=\"widget\" data-e-type=\"widget\" data-settings=\"{&quot;_position&quot;:&quot;absolute&quot;,&quot;_animation&quot;:&quot;fadeIn&quot;,&quot;_transform_translateX_effect&quot;:{&quot;unit&quot;:&quot;%&quot;,&quot;size&quot;:-50,&quot;sizes&quot;:[]},&quot;_transform_translateX_effect_laptop&quot;:{&quot;unit&quot;:&quot;%&quot;,&quot;size&quot;:&quot;&quot;,&quot;sizes&quot;:[]},&quot;_transform_translateX_effect_tablet&quot;:{&quot;unit&quot;:&quot;%&quot;,&quot;size&quot;:&quot;&quot;,&quot;sizes&quot;:[]},&quot;_transform_translateX_effect_mobile&quot;:{&quot;unit&quot;:&quot;%&quot;,&quot;size&quot;:&quot;&quot;,&quot;sizes&quot;:[]},&quot;_transform_translateY_effect&quot;:{&quot;unit&quot;:&quot;%&quot;,&quot;size&quot;:-50,&quot;sizes&quot;:[]},&quot;_transform_translateY_effect_laptop&quot;:{&quot;unit&quot;:&quot;%&quot;,&quot;size&quot;:&quot;&quot;,&quot;sizes&quot;:[]},&quot;_transform_translateY_effect_tablet&quot;:{&quot;unit&quot;:&quot;%&quot;,&quot;size&quot;:&quot;&quot;,&quot;sizes&quot;:[]},&quot;_transform_translateY_effect_mobile&quot;:{&quot;unit&quot;:&quot;%&quot;,&quot;size&quot;:&quot;&quot;,&quot;sizes&quot;:[]}}\" data-widget_type=\"image.default\">\n\t\t\t\t\t\t\t\t\t\t\t\t\t\t\t<img decoding=\"async\" width=\"153\" height=\"320\" src=\"https:\/\/psinteriorismo.es\/wp-content\/uploads\/2026\/02\/Logo-blanco.svg\" class=\"attachment-large size-large wp-image-17\" alt=\"Logo blanco\" \/>\t\t\t\t\t\t\t\t\t\t\t\t\t\t\t<\/div>\n\t\t\t\t<\/div>\n\t\t\t\t<\/div>","protected":false},"excerpt":{"rendered":"<p>Nosotros Conocer m\u00e1s Contacto Conocer m\u00e1s Proyectos Conocer m\u00e1s<\/p>","protected":false},"author":2,"featured_media":0,"parent":0,"menu_order":0,"comment_status":"closed","ping_status":"closed","template":"elementor_header_footer","meta":{"footnotes":""},"class_list":["post-12","page","type-page","status-publish","hentry"],"_links":{"self":[{"href":"https:\/\/psinteriorismo.es\/en\/wp-json\/wp\/v2\/pages\/12","targetHints":{"allow":["GET"]}}],"collection":[{"href":"https:\/\/psinteriorismo.es\/en\/wp-json\/wp\/v2\/pages"}],"about":[{"href":"https:\/\/psinteriorismo.es\/en\/wp-json\/wp\/v2\/types\/page"}],"author":[{"embeddable":true,"href":"https:\/\/psinteriorismo.es\/en\/wp-json\/wp\/v2\/users\/2"}],"replies":[{"embeddable":true,"href":"https:\/\/psinteriorismo.es\/en\/wp-json\/wp\/v2\/comments?post=12"}],"version-history":[{"count":76,"href":"https:\/\/psinteriorismo.es\/en\/wp-json\/wp\/v2\/pages\/12\/revisions"}],"predecessor-version":[{"id":131,"href":"https:\/\/psinteriorismo.es\/en\/wp-json\/wp\/v2\/pages\/12\/revisions\/131"}],"wp:attachment":[{"href":"https:\/\/psinteriorismo.es\/en\/wp-json\/wp\/v2\/media?parent=12"}],"curies":[{"name":"wp","href":"https:\/\/api.w.org\/{rel}","templated":true}]}}