{"id":106,"date":"2026-02-03T19:11:37","date_gmt":"2026-02-03T19:11:37","guid":{"rendered":"https:\/\/psinteriorismo.es\/?page_id=106"},"modified":"2026-04-15T15:20:55","modified_gmt":"2026-04-15T15:20:55","slug":"nosotros","status":"publish","type":"page","link":"https:\/\/psinteriorismo.es\/en\/nosotros\/","title":{"rendered":"Nosotros"},"content":{"rendered":"<div data-elementor-type=\"wp-page\" data-elementor-id=\"106\" class=\"elementor elementor-106\" data-elementor-post-type=\"page\">\n\t\t\t\t<div class=\"elementor-element elementor-element-3a471a4 e-flex e-con-boxed e-con e-parent\" data-id=\"3a471a4\" data-element_type=\"container\" data-e-type=\"container\" data-settings=\"{&quot;background_background&quot;:&quot;classic&quot;}\">\n\t\t\t\t\t<div class=\"e-con-inner\">\n\t\t<div class=\"elementor-element elementor-element-355633b e-con-full e-flex e-con e-child\" data-id=\"355633b\" data-element_type=\"container\" data-e-type=\"container\">\n\t\t\t\t<div class=\"elementor-element elementor-element-dd62f4e elementor-widget elementor-widget-image\" data-id=\"dd62f4e\" data-element_type=\"widget\" data-e-type=\"widget\" data-widget_type=\"image.default\">\n\t\t\t\t\t\t\t\t\t\t\t\t\t\t\t<img fetchpriority=\"high\" decoding=\"async\" width=\"683\" height=\"1024\" src=\"https:\/\/psinteriorismo.es\/wp-content\/uploads\/2026\/04\/web-copia-683x1024.jpeg\" class=\"attachment-large size-large wp-image-476\" alt=\"\" srcset=\"https:\/\/psinteriorismo.es\/wp-content\/uploads\/2026\/04\/web-copia-683x1024.jpeg 683w, https:\/\/psinteriorismo.es\/wp-content\/uploads\/2026\/04\/web-copia-200x300.jpeg 200w, https:\/\/psinteriorismo.es\/wp-content\/uploads\/2026\/04\/web-copia-768x1151.jpeg 768w, https:\/\/psinteriorismo.es\/wp-content\/uploads\/2026\/04\/web-copia-1025x1536.jpeg 1025w, https:\/\/psinteriorismo.es\/wp-content\/uploads\/2026\/04\/web-copia-1366x2048.jpeg 1366w, https:\/\/psinteriorismo.es\/wp-content\/uploads\/2026\/04\/web-copia-8x12.jpeg 8w, https:\/\/psinteriorismo.es\/wp-content\/uploads\/2026\/04\/web-copia-scaled.jpeg 1708w\" sizes=\"(max-width: 683px) 100vw, 683px\" \/>\t\t\t\t\t\t\t\t\t\t\t\t\t\t\t<\/div>\n\t\t\t\t<\/div>\n\t\t<div class=\"elementor-element elementor-element-a9322f5 e-con-full e-flex e-con e-child\" data-id=\"a9322f5\" data-element_type=\"container\" data-e-type=\"container\">\n\t\t\t\t<div class=\"elementor-element elementor-element-26bf7e1 elementor-widget elementor-widget-text-editor\" data-id=\"26bf7e1\" data-element_type=\"widget\" data-e-type=\"widget\" data-widget_type=\"text-editor.default\">\n\t\t\t\t\t\t\t\t\t<p><strong>Patricia Serradilla<\/strong><\/p><p>interiorista y directora creativa del proyecto.<\/p><p>Tras estudiar ADE y desarrollar una s\u00f3lida trayectoria durante a\u00f1os en el sector bancario, decidi\u00f3 dar un giro a su vida profesional para dedicarse a lo que verdaderamente le motiva: el dise\u00f1o de interiores. Hace cinco a\u00f1os emprendi\u00f3 este camino form\u00e1ndose con un M\u00e1ster en Dise\u00f1o de Interiores (Elle Decoraci\u00f3n &amp; UCM), y desde entonces ha convertido su pasi\u00f3n en su d\u00eda a d\u00eda.<\/p><p>Lo que comenz\u00f3 como un \u201cvoy a probar\u201d se ha transformado en un proyecto consolidado, impulsado por la ilusi\u00f3n, la sensibilidad est\u00e9tica y la dedicaci\u00f3n con la que Piti aborda cada espacio.<\/p>\t\t\t\t\t\t\t\t<\/div>\n\t\t\t\t<\/div>\n\t\t<div class=\"elementor-element elementor-element-79e9f89 e-con-full e-flex e-con e-child\" data-id=\"79e9f89\" data-element_type=\"container\" data-e-type=\"container\">\n\t\t\t\t<div class=\"elementor-element elementor-element-1eac6cc elementor-widget elementor-widget-text-editor\" data-id=\"1eac6cc\" data-element_type=\"widget\" data-e-type=\"widget\" data-widget_type=\"text-editor.default\">\n\t\t\t\t\t\t\t\t\t<p><strong>Equipo de confianza<\/strong><\/p><p>Colaboradores de administraci\u00f3n, que garantizan una gesti\u00f3n clara, precisa y cercana.<\/p><p>Equipo de obra, formado por profesionales especializados que llevan cada dise\u00f1o a la realidad con rigor y detalle.<\/p><p>Juntos forman un equipo capaz de acompa\u00f1arte en cada fase del proceso, desde la idea inicial hasta el \u00faltimo acabado. Nuestro objetivo es sencillo: transformar espacios en lugares donde realmente quieras vivir.<\/p>\t\t\t\t\t\t\t\t<\/div>\n\t\t\t\t<\/div>\n\t\t\t\t\t<\/div>\n\t\t\t\t<\/div>\n\t\t\t\t<\/div>","protected":false},"excerpt":{"rendered":"<p>Patricia Serradilla interiorista y directora creativa del proyecto. Tras estudiar ADE y desarrollar una s\u00f3lida trayectoria durante a\u00f1os en el sector bancario, decidi\u00f3 dar un giro a su vida profesional para dedicarse a lo que verdaderamente le motiva: el dise\u00f1o de interiores. Hace cinco a\u00f1os emprendi\u00f3 este camino form\u00e1ndose con un M\u00e1ster en Dise\u00f1o de [&hellip;]<\/p>","protected":false},"author":2,"featured_media":0,"parent":0,"menu_order":0,"comment_status":"closed","ping_status":"closed","template":"elementor_header_footer","meta":{"footnotes":""},"class_list":["post-106","page","type-page","status-publish","hentry"],"_links":{"self":[{"href":"https:\/\/psinteriorismo.es\/en\/wp-json\/wp\/v2\/pages\/106","targetHints":{"allow":["GET"]}}],"collection":[{"href":"https:\/\/psinteriorismo.es\/en\/wp-json\/wp\/v2\/pages"}],"about":[{"href":"https:\/\/psinteriorismo.es\/en\/wp-json\/wp\/v2\/types\/page"}],"author":[{"embeddable":true,"href":"https:\/\/psinteriorismo.es\/en\/wp-json\/wp\/v2\/users\/2"}],"replies":[{"embeddable":true,"href":"https:\/\/psinteriorismo.es\/en\/wp-json\/wp\/v2\/comments?post=106"}],"version-history":[{"count":76,"href":"https:\/\/psinteriorismo.es\/en\/wp-json\/wp\/v2\/pages\/106\/revisions"}],"predecessor-version":[{"id":484,"href":"https:\/\/psinteriorismo.es\/en\/wp-json\/wp\/v2\/pages\/106\/revisions\/484"}],"wp:attachment":[{"href":"https:\/\/psinteriorismo.es\/en\/wp-json\/wp\/v2\/media?parent=106"}],"curies":[{"name":"wp","href":"https:\/\/api.w.org\/{rel}","templated":true}]}}